{"id":2039,"date":"2023-04-13T11:53:05","date_gmt":"2023-04-13T11:53:05","guid":{"rendered":"https:\/\/www.flamencoshow.madrid\/terminos-y-condiciones-politica-de-reembolso\/"},"modified":"2023-06-24T12:18:20","modified_gmt":"2023-06-24T12:18:20","slug":"terminos-y-condiciones-politica-de-reembolso","status":"publish","type":"page","link":"https:\/\/www.flamencoshow.madrid\/es\/terminos-y-condiciones-politica-de-reembolso\/","title":{"rendered":"T\u00e9rminos y condiciones: Pol\u00edtica de reembolso"},"content":{"rendered":"\n<p>Este acuerdo es entre usted, el usuario de <strong>https:\/\/www.flamencoshow.madrid\/ <\/strong>(Flamenco Show Madrid) website(s), y <strong>Roberto Carlos Hernandez F <\/strong>(https:\/\/www.flamencoshow.madrid\/).<\/p>\n\n<p>Estos son los t\u00e9rminos y condiciones de servicio espec\u00edficamente relacionados con la reserva de tours a trav\u00e9s de <strong>https:\/\/www.flamencoshow.madrid\/. <\/strong>(Flamencho Show Madrid)webs.<\/p>\n\n<p>Usted confirma que es mayor de edad para utilizar legalmente los sitios web y servicios de https:\/\/www.flamencoshow.madrid\/ (Flamenco show Madrid), para celebrar un contrato y que es el \u00fanico responsable de todos los usos realizados en dichos sitios. \/ servicios por usted, aunque sea en nombre de otro. Todos los tours disponibles para reservar son promocionados por <strong>https:\/\/www.flamencoshow.madrid\/. <\/strong>(<a href=\"https:\/\/www.flamencoshow.madrid\/es\/\">Flamenco Show Madrid<\/a>) y son operados por empresas de Espect\u00e1culos Flamencos que tienen una relaci\u00f3n contractual con <strong><a href=\"https:\/\/www.flamencoshow.madrid\/es\/\">https:\/\/www.flamencoshow.madrid\/<\/a><\/strong>(Flamenco Show Madrid).<\/p>\n\n<p>Las reservas para el espect\u00e1culo Flamenco Madrid, donde el monto total se paga en l\u00ednea por adelantado, est\u00e1n sujetas a los t\u00e9rminos de cancelaci\u00f3n y reembolso de la siguiente manera:<\/p>\n\n<ul class=\"wp-block-list\">\n<li><strong>Cancela gratis hasta 24 horas<\/strong> (hora de destino del evento) antes de la fecha del evento y reciba un reembolso completo. Las <strong>cancelaciones realizadas el mismo d\u00eda de la fecha del evento no son reembolsables<\/strong>. Las <strong>cancelaciones solo se pueden realizar por correo electr\u00f3nico<\/strong> a la direcci\u00f3n que figura en la confirmaci\u00f3n de su reserva (info@flamencoshow.madrid) <strong>o por tel\u00e9fono WhatsApp<\/strong> +34 660 08 09 73.<\/li>\n\n\n\n<li>Todos los espect\u00e1culos de flamenco est\u00e1n sujetos a un n\u00famero m\u00ednimo de participantes para poder realizarse. En el caso muy improbable de que un tour pagado no se realice, le reembolsaremos el monto pagado al hacer la reserva.<\/li>\n\n\n\n<li>El dep\u00f3sito pagado al hacer la reserva debe pagarse con una tarjeta de cr\u00e9dito o d\u00e9bito v\u00e1lida. Usted confirma que toda la informaci\u00f3n enviada por usted a <strong>https:\/\/www.flamencoshow.madrid\/<\/strong> (Flamenco Show Madrid), incluidos los detalles de la tarjeta de cr\u00e9dito \/ tarjeta de d\u00e9bito, es completa y precisa y que se le han otorgado los permisos y autorizaciones necesarios para usar dicha tarjeta.<\/li>\n\n\n\n<li>Recibir\u00e1 una confirmaci\u00f3n de la reserva por correo electr\u00f3nico poco despu\u00e9s de completar el proceso de reserva, siempre que toda la informaci\u00f3n enviada sea correcta y haya fondos suficientes disponibles en la tarjeta de cr\u00e9dito\/d\u00e9bito utilizada para completar la transacci\u00f3n. Si no recibe un correo electr\u00f3nico de confirmaci\u00f3n, comun\u00edquese con nosotros despu\u00e9s de revisar su carpeta de correo no deseado.<\/li>\n\n\n\n<li>Los datos de la tarjeta de cr\u00e9dito\/d\u00e9bito se introducen en una p\u00e1gina segura y se transfieren mediante tecnolog\u00eda SSL. El pago es procesado por un portal de pago confiable, seguro y de buena reputaci\u00f3n.<\/li>\n\n\n\n<li>Todas las conversiones de divisas que se muestran en los sitios <strong>https:\/\/www.flamencoshow.madrid\/<\/strong>(Flamenco Show Madrid) se calculan utilizando un tipo de cambio derivado de un sitio web de conversi\u00f3n de divisas de terceros de buena reputaci\u00f3n en tiempo real.<\/li>\n\n\n\n<li>Tenga a mano su boleto\/confirmaci\u00f3n de reserva cuando llegue al punto de partida del tour, ya sea en forma impresa o en un dispositivo m\u00f3vil. Es posible que los estudiantes que hayan hecho uso del precio de estudiante deban mostrar una identificaci\u00f3n de estudiante v\u00e1lida a la llegada. Si esto no fuera posible, deber\u00e1 pagar el monto total, menos el dep\u00f3sito pagado.<\/li>\n\n\n\n<li>Todos los participantes que asistan al Espect\u00e1culo Flamenco deber\u00e1n ser mayores de 18 a\u00f1os, con pasaporte, carnet de conducir o DNI en vigor como prueba de edad. En el caso de menores de 18 a\u00f1os, deber\u00e1n llegar con una persona mayor de 18 a\u00f1os que los cuide y estar\u00e1 a su cargo.<\/li>\n\n\n\n<li><strong>https:\/\/www.flamencoshow.madrid\/ <\/strong>(Flamenco Show Madrid) puede ofrecerle la oportunidad, a trav\u00e9s de correo electr\u00f3nico, de revisar el recorrido en relaci\u00f3n con su experiencia y su opini\u00f3n. Su revisi\u00f3n puede ser visible en nuestro(s) sitio(s). Tambi\u00e9n podemos incluir un enlace a la lista de TripAdvisor relevante para que env\u00ede una rese\u00f1a all\u00ed, si as\u00ed lo desea.<\/li>\n\n\n\n<li>La participaci\u00f3n en cualquier tour es estrictamente voluntaria y tanto su gu\u00eda independiente como <strong>https:\/\/www.flamencoshow.madrid\/ <\/strong>(Flamenco Show Madrid) se reserva el derecho de negar la participaci\u00f3n a cualquier persona en cualquier momento a nuestra discreci\u00f3n. Ninguno <strong>https:\/\/www.flamencoshow.madrid\/ <\/strong>(Flamenco Show Madrid), sus contratistas, empresas matrices o subsidiarias, socios, empleados o gu\u00edas tur\u00edsticos independientes aceptan cualquier responsabilidad por cualquier lesi\u00f3n, p\u00e9rdida, da\u00f1o, inconveniente u otros sufridos por cualquier persona que utilice sus servicios, ni a su propiedad, cualquiera que sea su causa<\/li>\n\n\n\n<li><strong>https:\/\/www.flamencoshow.madrid\/ <\/strong>(Flamenco Show Madrid) y (Roberto Carlos Hernandez F) nunca vender\u00e1 ni proporcionar\u00e1 su informaci\u00f3n personal a ning\u00fan tercero. Nos reservamos el derecho de utilizar los datos que se nos proporcionan con fines de investigaci\u00f3n y marketing interno. Las fotograf\u00edas tomadas durante los recorridos pueden usarse con fines de marketing y en nuestras plataformas de redes sociales.<\/li>\n<\/ul>\n","protected":false},"excerpt":{"rendered":"<p>Este acuerdo es entre usted, el usuario de https:\/\/www.flamencoshow.madrid\/ (Flamenco Show Madrid) website(s), y Roberto Carlos Hernandez F (https:\/\/www.flamencoshow.madrid\/). Estos son los t\u00e9rminos y condiciones de servicio espec\u00edficamente relacionados con la reserva de tours a trav\u00e9s de https:\/\/www.flamencoshow.madrid\/. (Flamencho Show Madrid)webs. Usted confirma que es mayor de edad para utilizar legalmente los sitios web y [&hellip;]<\/p>\n","protected":false},"author":1,"featured_media":0,"parent":0,"menu_order":0,"comment_status":"closed","ping_status":"closed","template":"","meta":{"site-sidebar-layout":"default","site-content-layout":"","ast-site-content-layout":"default","site-content-style":"default","site-sidebar-style":"default","ast-global-header-display":"","ast-banner-title-visibility":"","ast-main-header-display":"","ast-hfb-above-header-display":"","ast-hfb-below-header-display":"","ast-hfb-mobile-header-display":"","site-post-title":"","ast-breadcrumbs-content":"","ast-featured-img":"","footer-sml-layout":"","ast-disable-related-posts":"","theme-transparent-header-meta":"","adv-header-id-meta":"","stick-header-meta":"","header-above-stick-meta":"","header-main-stick-meta":"","header-below-stick-meta":"","astra-migrate-meta-layouts":"default","ast-page-background-enabled":"default","ast-page-background-meta":{"desktop":{"background-color":"","background-image":"","background-repeat":"repeat","background-position":"center center","background-size":"auto","background-attachment":"scroll","background-type":"","background-media":"","overlay-type":"","overlay-color":"","overlay-opacity":"","overlay-gradient":""},"tablet":{"background-color":"","background-image":"","background-repeat":"repeat","background-position":"center center","background-size":"auto","background-attachment":"scroll","background-type":"","background-media":"","overlay-type":"","overlay-color":"","overlay-opacity":"","overlay-gradient":""},"mobile":{"background-color":"","background-image":"","background-repeat":"repeat","background-position":"center center","background-size":"auto","background-attachment":"scroll","background-type":"","background-media":"","overlay-type":"","overlay-color":"","overlay-opacity":"","overlay-gradient":""}},"ast-content-background-meta":{"desktop":{"background-color":"var(--ast-global-color-5)","background-image":"","background-repeat":"repeat","background-position":"center center","background-size":"auto","background-attachment":"scroll","background-type":"","background-media":"","overlay-type":"","overlay-color":"","overlay-opacity":"","overlay-gradient":""},"tablet":{"background-color":"var(--ast-global-color-5)","background-image":"","background-repeat":"repeat","background-position":"center center","background-size":"auto","background-attachment":"scroll","background-type":"","background-media":"","overlay-type":"","overlay-color":"","overlay-opacity":"","overlay-gradient":""},"mobile":{"background-color":"var(--ast-global-color-5)","background-image":"","background-repeat":"repeat","background-position":"center center","background-size":"auto","background-attachment":"scroll","background-type":"","background-media":"","overlay-type":"","overlay-color":"","overlay-opacity":"","overlay-gradient":""}},"footnotes":""},"class_list":["post-2039","page","type-page","status-publish","hentry"],"yoast_head":"<!-- This site is optimized with the Yoast SEO Premium plugin v26.7 (Yoast SEO v27.5) - https:\/\/yoast.com\/product\/yoast-seo-premium-wordpress\/ -->\n<title>T\u00e9rminos y condiciones: Pol\u00edtica de reembolso - Flamenco Show Madrid<\/title>\n<meta name=\"robots\" content=\"noindex, nofollow\" \/>\n<meta property=\"og:locale\" content=\"es_ES\" \/>\n<meta property=\"og:type\" content=\"article\" \/>\n<meta property=\"og:title\" content=\"T\u00e9rminos y condiciones: Pol\u00edtica de reembolso\" \/>\n<meta property=\"og:description\" content=\"Este acuerdo es entre usted, el usuario de https:\/\/www.flamencoshow.madrid\/ (Flamenco Show Madrid) website(s), y Roberto Carlos Hernandez F (https:\/\/www.flamencoshow.madrid\/). Estos son los t\u00e9rminos y condiciones de servicio espec\u00edficamente relacionados con la reserva de tours a trav\u00e9s de https:\/\/www.flamencoshow.madrid\/. (Flamencho Show Madrid)webs. Usted confirma que es mayor de edad para utilizar legalmente los sitios web y [&hellip;]\" \/>\n<meta property=\"og:url\" content=\"https:\/\/www.flamencoshow.madrid\/es\/terminos-y-condiciones-politica-de-reembolso\/\" \/>\n<meta property=\"og:site_name\" content=\"Flamenco Show Madrid\" \/>\n<meta property=\"article:modified_time\" content=\"2023-06-24T12:18:20+00:00\" \/>\n<meta name=\"twitter:card\" content=\"summary_large_image\" \/>\n<meta name=\"twitter:label1\" content=\"Tiempo de lectura\" \/>\n\t<meta name=\"twitter:data1\" content=\"4 minutos\" \/>\n<script type=\"application\/ld+json\" class=\"yoast-schema-graph\">{\"@context\":\"https:\\\/\\\/schema.org\",\"@graph\":[{\"@type\":\"WebPage\",\"@id\":\"https:\\\/\\\/www.flamencoshow.madrid\\\/es\\\/terminos-y-condiciones-politica-de-reembolso\\\/\",\"url\":\"https:\\\/\\\/www.flamencoshow.madrid\\\/es\\\/terminos-y-condiciones-politica-de-reembolso\\\/\",\"name\":\"T\u00e9rminos y condiciones: Pol\u00edtica de reembolso - Flamenco Show Madrid\",\"isPartOf\":{\"@id\":\"https:\\\/\\\/www.flamencoshow.madrid\\\/es\\\/#website\"},\"datePublished\":\"2023-04-13T11:53:05+00:00\",\"dateModified\":\"2023-06-24T12:18:20+00:00\",\"breadcrumb\":{\"@id\":\"https:\\\/\\\/www.flamencoshow.madrid\\\/es\\\/terminos-y-condiciones-politica-de-reembolso\\\/#breadcrumb\"},\"inLanguage\":\"es\",\"potentialAction\":[{\"@type\":\"ReadAction\",\"target\":[\"https:\\\/\\\/www.flamencoshow.madrid\\\/es\\\/terminos-y-condiciones-politica-de-reembolso\\\/\"]}]},{\"@type\":\"BreadcrumbList\",\"@id\":\"https:\\\/\\\/www.flamencoshow.madrid\\\/es\\\/terminos-y-condiciones-politica-de-reembolso\\\/#breadcrumb\",\"itemListElement\":[{\"@type\":\"ListItem\",\"position\":1,\"name\":\"Portada\",\"item\":\"https:\\\/\\\/www.flamencoshow.madrid\\\/es\\\/\"},{\"@type\":\"ListItem\",\"position\":2,\"name\":\"T\u00e9rminos y condiciones: Pol\u00edtica de reembolso\"}]},{\"@type\":\"WebSite\",\"@id\":\"https:\\\/\\\/www.flamencoshow.madrid\\\/es\\\/#website\",\"url\":\"https:\\\/\\\/www.flamencoshow.madrid\\\/es\\\/\",\"name\":\"Flamenco Show Madrid\",\"description\":\"Best Flamenco Show in Madrid\",\"publisher\":{\"@id\":\"https:\\\/\\\/www.flamencoshow.madrid\\\/es\\\/#organization\"},\"potentialAction\":[{\"@type\":\"SearchAction\",\"target\":{\"@type\":\"EntryPoint\",\"urlTemplate\":\"https:\\\/\\\/www.flamencoshow.madrid\\\/es\\\/?s={search_term_string}\"},\"query-input\":{\"@type\":\"PropertyValueSpecification\",\"valueRequired\":true,\"valueName\":\"search_term_string\"}}],\"inLanguage\":\"es\"},{\"@type\":\"Organization\",\"@id\":\"https:\\\/\\\/www.flamencoshow.madrid\\\/es\\\/#organization\",\"name\":\"Flamenco Show Madrid\",\"url\":\"https:\\\/\\\/www.flamencoshow.madrid\\\/es\\\/\",\"logo\":{\"@type\":\"ImageObject\",\"inLanguage\":\"es\",\"@id\":\"https:\\\/\\\/www.flamencoshow.madrid\\\/es\\\/#\\\/schema\\\/logo\\\/image\\\/\",\"url\":\"https:\\\/\\\/www.flamencoshow.madrid\\\/wp-content\\\/uploads\\\/2025\\\/09\\\/flamenco-show-low-resolution-logo-color-on-transparent-background.png\",\"contentUrl\":\"https:\\\/\\\/www.flamencoshow.madrid\\\/wp-content\\\/uploads\\\/2025\\\/09\\\/flamenco-show-low-resolution-logo-color-on-transparent-background.png\",\"width\":1000,\"height\":318,\"caption\":\"Flamenco Show Madrid\"},\"image\":{\"@id\":\"https:\\\/\\\/www.flamencoshow.madrid\\\/es\\\/#\\\/schema\\\/logo\\\/image\\\/\"}}]}<\/script>\n<!-- \/ Yoast SEO Premium plugin. -->","yoast_head_json":{"title":"T\u00e9rminos y condiciones: Pol\u00edtica de reembolso - Flamenco Show Madrid","robots":{"index":"noindex","follow":"nofollow"},"og_locale":"es_ES","og_type":"article","og_title":"T\u00e9rminos y condiciones: Pol\u00edtica de reembolso","og_description":"Este acuerdo es entre usted, el usuario de https:\/\/www.flamencoshow.madrid\/ (Flamenco Show Madrid) website(s), y Roberto Carlos Hernandez F (https:\/\/www.flamencoshow.madrid\/). Estos son los t\u00e9rminos y condiciones de servicio espec\u00edficamente relacionados con la reserva de tours a trav\u00e9s de https:\/\/www.flamencoshow.madrid\/. (Flamencho Show Madrid)webs. Usted confirma que es mayor de edad para utilizar legalmente los sitios web y [&hellip;]","og_url":"https:\/\/www.flamencoshow.madrid\/es\/terminos-y-condiciones-politica-de-reembolso\/","og_site_name":"Flamenco Show Madrid","article_modified_time":"2023-06-24T12:18:20+00:00","twitter_card":"summary_large_image","twitter_misc":{"Tiempo de lectura":"4 minutos"},"schema":{"@context":"https:\/\/schema.org","@graph":[{"@type":"WebPage","@id":"https:\/\/www.flamencoshow.madrid\/es\/terminos-y-condiciones-politica-de-reembolso\/","url":"https:\/\/www.flamencoshow.madrid\/es\/terminos-y-condiciones-politica-de-reembolso\/","name":"T\u00e9rminos y condiciones: Pol\u00edtica de reembolso - Flamenco Show Madrid","isPartOf":{"@id":"https:\/\/www.flamencoshow.madrid\/es\/#website"},"datePublished":"2023-04-13T11:53:05+00:00","dateModified":"2023-06-24T12:18:20+00:00","breadcrumb":{"@id":"https:\/\/www.flamencoshow.madrid\/es\/terminos-y-condiciones-politica-de-reembolso\/#breadcrumb"},"inLanguage":"es","potentialAction":[{"@type":"ReadAction","target":["https:\/\/www.flamencoshow.madrid\/es\/terminos-y-condiciones-politica-de-reembolso\/"]}]},{"@type":"BreadcrumbList","@id":"https:\/\/www.flamencoshow.madrid\/es\/terminos-y-condiciones-politica-de-reembolso\/#breadcrumb","itemListElement":[{"@type":"ListItem","position":1,"name":"Portada","item":"https:\/\/www.flamencoshow.madrid\/es\/"},{"@type":"ListItem","position":2,"name":"T\u00e9rminos y condiciones: Pol\u00edtica de reembolso"}]},{"@type":"WebSite","@id":"https:\/\/www.flamencoshow.madrid\/es\/#website","url":"https:\/\/www.flamencoshow.madrid\/es\/","name":"Flamenco Show Madrid","description":"Best Flamenco Show in Madrid","publisher":{"@id":"https:\/\/www.flamencoshow.madrid\/es\/#organization"},"potentialAction":[{"@type":"SearchAction","target":{"@type":"EntryPoint","urlTemplate":"https:\/\/www.flamencoshow.madrid\/es\/?s={search_term_string}"},"query-input":{"@type":"PropertyValueSpecification","valueRequired":true,"valueName":"search_term_string"}}],"inLanguage":"es"},{"@type":"Organization","@id":"https:\/\/www.flamencoshow.madrid\/es\/#organization","name":"Flamenco Show Madrid","url":"https:\/\/www.flamencoshow.madrid\/es\/","logo":{"@type":"ImageObject","inLanguage":"es","@id":"https:\/\/www.flamencoshow.madrid\/es\/#\/schema\/logo\/image\/","url":"https:\/\/www.flamencoshow.madrid\/wp-content\/uploads\/2025\/09\/flamenco-show-low-resolution-logo-color-on-transparent-background.png","contentUrl":"https:\/\/www.flamencoshow.madrid\/wp-content\/uploads\/2025\/09\/flamenco-show-low-resolution-logo-color-on-transparent-background.png","width":1000,"height":318,"caption":"Flamenco Show Madrid"},"image":{"@id":"https:\/\/www.flamencoshow.madrid\/es\/#\/schema\/logo\/image\/"}}]}},"_links":{"self":[{"href":"https:\/\/www.flamencoshow.madrid\/es\/wp-json\/wp\/v2\/pages\/2039","targetHints":{"allow":["GET"]}}],"collection":[{"href":"https:\/\/www.flamencoshow.madrid\/es\/wp-json\/wp\/v2\/pages"}],"about":[{"href":"https:\/\/www.flamencoshow.madrid\/es\/wp-json\/wp\/v2\/types\/page"}],"author":[{"embeddable":true,"href":"https:\/\/www.flamencoshow.madrid\/es\/wp-json\/wp\/v2\/users\/1"}],"replies":[{"embeddable":true,"href":"https:\/\/www.flamencoshow.madrid\/es\/wp-json\/wp\/v2\/comments?post=2039"}],"version-history":[{"count":1,"href":"https:\/\/www.flamencoshow.madrid\/es\/wp-json\/wp\/v2\/pages\/2039\/revisions"}],"predecessor-version":[{"id":2040,"href":"https:\/\/www.flamencoshow.madrid\/es\/wp-json\/wp\/v2\/pages\/2039\/revisions\/2040"}],"wp:attachment":[{"href":"https:\/\/www.flamencoshow.madrid\/es\/wp-json\/wp\/v2\/media?parent=2039"}],"curies":[{"name":"wp","href":"https:\/\/api.w.org\/{rel}","templated":true}]}}